{"id":2892,"date":"2024-05-30T20:34:56","date_gmt":"2024-05-30T18:34:56","guid":{"rendered":"https:\/\/usert38.feijoomontenegro.dev\/legal-page\/"},"modified":"2024-05-30T20:35:45","modified_gmt":"2024-05-30T18:35:45","slug":"legal-page","status":"publish","type":"page","link":"https:\/\/usert38.com\/es\/legal-page\/","title":{"rendered":"Legal"},"content":{"rendered":"","protected":false},"excerpt":{"rendered":"","protected":false},"author":1,"featured_media":0,"parent":0,"menu_order":0,"comment_status":"closed","ping_status":"closed","template":"templates\/home.php","meta":{"_acf_changed":false,"footnotes":""},"class_list":["post-2892","page","type-page","status-publish","hentry"],"acf":[],"yoast_head":"<!-- This site is optimized with the Yoast SEO plugin v24.2 - https:\/\/yoast.com\/wordpress\/plugins\/seo\/ -->\n<title>Legal - USER T38<\/title>\n<meta name=\"robots\" content=\"index, follow, max-snippet:-1, max-image-preview:large, max-video-preview:-1\" \/>\n<link rel=\"canonical\" href=\"https:\/\/usert38.com\/es\/legal-page\/\" \/>\n<meta property=\"og:locale\" content=\"es_ES\" \/>\n<meta property=\"og:type\" content=\"article\" \/>\n<meta property=\"og:title\" content=\"Legal - USER T38\" \/>\n<meta property=\"og:url\" content=\"https:\/\/usert38.com\/es\/legal-page\/\" \/>\n<meta property=\"og:site_name\" content=\"USER T38\" \/>\n<meta property=\"article:modified_time\" content=\"2024-05-30T18:35:45+00:00\" \/>\n<meta name=\"twitter:card\" content=\"summary_large_image\" \/>\n<script type=\"application\/ld+json\" class=\"yoast-schema-graph\">{\"@context\":\"https:\/\/schema.org\",\"@graph\":[{\"@type\":\"WebPage\",\"@id\":\"https:\/\/usert38.com\/es\/legal-page\/\",\"url\":\"https:\/\/usert38.com\/es\/legal-page\/\",\"name\":\"Legal - USER T38\",\"isPartOf\":{\"@id\":\"https:\/\/usert38.com\/es\/#website\"},\"datePublished\":\"2024-05-30T18:34:56+00:00\",\"dateModified\":\"2024-05-30T18:35:45+00:00\",\"breadcrumb\":{\"@id\":\"https:\/\/usert38.com\/es\/legal-page\/#breadcrumb\"},\"inLanguage\":\"es\",\"potentialAction\":[{\"@type\":\"ReadAction\",\"target\":[\"https:\/\/usert38.com\/es\/legal-page\/\"]}]},{\"@type\":\"BreadcrumbList\",\"@id\":\"https:\/\/usert38.com\/es\/legal-page\/#breadcrumb\",\"itemListElement\":[{\"@type\":\"ListItem\",\"position\":1,\"name\":\"Home\",\"item\":\"https:\/\/usert38.com\/es\/\"},{\"@type\":\"ListItem\",\"position\":2,\"name\":\"Legal\"}]},{\"@type\":\"WebSite\",\"@id\":\"https:\/\/usert38.com\/es\/#website\",\"url\":\"https:\/\/usert38.com\/es\/\",\"name\":\"User T38\",\"description\":\"User T38, compa\u00f1\u00eda fundada en 2001 como productora y estudio de postproducci\u00f3n, dise\u00f1o gr\u00e1fico, animaci\u00f3n tradicional, 3D y dise\u00f1o conceptual.\",\"potentialAction\":[{\"@type\":\"SearchAction\",\"target\":{\"@type\":\"EntryPoint\",\"urlTemplate\":\"https:\/\/usert38.com\/es\/?s={search_term_string}\"},\"query-input\":{\"@type\":\"PropertyValueSpecification\",\"valueRequired\":true,\"valueName\":\"search_term_string\"}}],\"inLanguage\":\"es\"}]}<\/script>\n<!-- \/ Yoast SEO plugin. -->","yoast_head_json":{"title":"Legal - USER T38","robots":{"index":"index","follow":"follow","max-snippet":"max-snippet:-1","max-image-preview":"max-image-preview:large","max-video-preview":"max-video-preview:-1"},"canonical":"https:\/\/usert38.com\/es\/legal-page\/","og_locale":"es_ES","og_type":"article","og_title":"Legal - USER T38","og_url":"https:\/\/usert38.com\/es\/legal-page\/","og_site_name":"USER T38","article_modified_time":"2024-05-30T18:35:45+00:00","twitter_card":"summary_large_image","schema":{"@context":"https:\/\/schema.org","@graph":[{"@type":"WebPage","@id":"https:\/\/usert38.com\/es\/legal-page\/","url":"https:\/\/usert38.com\/es\/legal-page\/","name":"Legal - USER T38","isPartOf":{"@id":"https:\/\/usert38.com\/es\/#website"},"datePublished":"2024-05-30T18:34:56+00:00","dateModified":"2024-05-30T18:35:45+00:00","breadcrumb":{"@id":"https:\/\/usert38.com\/es\/legal-page\/#breadcrumb"},"inLanguage":"es","potentialAction":[{"@type":"ReadAction","target":["https:\/\/usert38.com\/es\/legal-page\/"]}]},{"@type":"BreadcrumbList","@id":"https:\/\/usert38.com\/es\/legal-page\/#breadcrumb","itemListElement":[{"@type":"ListItem","position":1,"name":"Home","item":"https:\/\/usert38.com\/es\/"},{"@type":"ListItem","position":2,"name":"Legal"}]},{"@type":"WebSite","@id":"https:\/\/usert38.com\/es\/#website","url":"https:\/\/usert38.com\/es\/","name":"User T38","description":"User T38, compa\u00f1\u00eda fundada en 2001 como productora y estudio de postproducci\u00f3n, dise\u00f1o gr\u00e1fico, animaci\u00f3n tradicional, 3D y dise\u00f1o conceptual.","potentialAction":[{"@type":"SearchAction","target":{"@type":"EntryPoint","urlTemplate":"https:\/\/usert38.com\/es\/?s={search_term_string}"},"query-input":{"@type":"PropertyValueSpecification","valueRequired":true,"valueName":"search_term_string"}}],"inLanguage":"es"}]}},"_links":{"self":[{"href":"https:\/\/usert38.com\/es\/wp-json\/wp\/v2\/pages\/2892","targetHints":{"allow":["GET"]}}],"collection":[{"href":"https:\/\/usert38.com\/es\/wp-json\/wp\/v2\/pages"}],"about":[{"href":"https:\/\/usert38.com\/es\/wp-json\/wp\/v2\/types\/page"}],"author":[{"embeddable":true,"href":"https:\/\/usert38.com\/es\/wp-json\/wp\/v2\/users\/1"}],"replies":[{"embeddable":true,"href":"https:\/\/usert38.com\/es\/wp-json\/wp\/v2\/comments?post=2892"}],"version-history":[{"count":2,"href":"https:\/\/usert38.com\/es\/wp-json\/wp\/v2\/pages\/2892\/revisions"}],"predecessor-version":[{"id":2895,"href":"https:\/\/usert38.com\/es\/wp-json\/wp\/v2\/pages\/2892\/revisions\/2895"}],"wp:attachment":[{"href":"https:\/\/usert38.com\/es\/wp-json\/wp\/v2\/media?parent=2892"}],"curies":[{"name":"wp","href":"https:\/\/api.w.org\/{rel}","templated":true}]}}